{"id":27,"date":"2019-01-23T14:50:28","date_gmt":"2019-01-23T14:50:28","guid":{"rendered":"http:\/\/haus-maerchenkoenig.de\/?page_id=27"},"modified":"2019-01-23T14:50:28","modified_gmt":"2019-01-23T14:50:28","slug":"willkommen","status":"publish","type":"page","link":"https:\/\/haus-maerchenkoenig.de\/","title":{"rendered":"Willkommen"},"content":{"rendered":"<p style=\"font-family: Parisienne; font-size: big\">\n\u201eEs ist notwendig, sich Paradiese zu schaffen, poetische Zufluchtsorte, wo man auf einige Zeit die doch anstrengende Zeit, in der wir leben, vergessen kann.\u201c<\/p>\n<p style=\"font-size: small; text-align: right;\">Ludwig II. von Bayern (1845-86)<\/p>\n<p style=\"margin-top: 2.5em\">\nWillkommen im G\u00e4stehaus \u201eM\u00e4rchenk\u00f6nig\u201c im Berchtesgadener Land. \u201eEin Paradies schaffen\u201c- genau das versuchen wir f\u00fcr Sie inmitten des wundersch\u00f6nen Salzburger &amp; Berchtesgadener Landes. Entspannen Sie in unserem urigen und gem\u00fctlichen G\u00e4stehaus \u201eM\u00e4rchenk\u00f6nig\u201c. Dieses Selbstversorger-Haus liegt in ruhiger Lage in Freilassing und mit herrlichem Bergblick.<\/p>\n<p>Wir w\u00fcrden uns sehr freuen, Sie demn\u00e4chst als G\u00e4ste in unserem Haus begr\u00fc\u00dfen zu d\u00fcrfen. Wir freuen uns auf Ihren Besuch!<\/p>\n","protected":false},"excerpt":{"rendered":"<p>\u201eEs ist notwendig, sich Paradiese zu schaffen, poetische Zufluchtsorte, wo man auf einige Zeit die doch anstrengende Zeit, in der wir leben, vergessen kann.\u201c Ludwig II. von Bayern (1845-86) Willkommen im G\u00e4stehaus \u201eM\u00e4rchenk\u00f6nig\u201c im Berchtesgadener Land. \u201eEin Paradies schaffen\u201c- genau das versuchen wir f\u00fcr Sie inmitten des wundersch\u00f6nen Salzburger &amp; Berchtesgadener Landes. Entspannen Sie in &hellip; <\/p>\n<p class=\"link-more\"><a href=\"https:\/\/haus-maerchenkoenig.de\/\" class=\"more-link\"><span class=\"screen-reader-text\">\u201eWillkommen\u201c <\/span>weiterlesen<\/a><\/p>\n","protected":false},"author":1,"featured_media":0,"parent":0,"menu_order":0,"comment_status":"closed","ping_status":"closed","template":"","meta":{"ngg_post_thumbnail":0,"footnotes":""},"class_list":["post-27","page","type-page","status-publish","hentry"],"_links":{"self":[{"href":"https:\/\/haus-maerchenkoenig.de\/index.php?rest_route=\/wp\/v2\/pages\/27"}],"collection":[{"href":"https:\/\/haus-maerchenkoenig.de\/index.php?rest_route=\/wp\/v2\/pages"}],"about":[{"href":"https:\/\/haus-maerchenkoenig.de\/index.php?rest_route=\/wp\/v2\/types\/page"}],"author":[{"embeddable":true,"href":"https:\/\/haus-maerchenkoenig.de\/index.php?rest_route=\/wp\/v2\/users\/1"}],"replies":[{"embeddable":true,"href":"https:\/\/haus-maerchenkoenig.de\/index.php?rest_route=%2Fwp%2Fv2%2Fcomments&post=27"}],"version-history":[{"count":1,"href":"https:\/\/haus-maerchenkoenig.de\/index.php?rest_route=\/wp\/v2\/pages\/27\/revisions"}],"predecessor-version":[{"id":28,"href":"https:\/\/haus-maerchenkoenig.de\/index.php?rest_route=\/wp\/v2\/pages\/27\/revisions\/28"}],"wp:attachment":[{"href":"https:\/\/haus-maerchenkoenig.de\/index.php?rest_route=%2Fwp%2Fv2%2Fmedia&parent=27"}],"curies":[{"name":"wp","href":"https:\/\/api.w.org\/{rel}","templated":true}]}}