{"id":19,"date":"2019-01-23T14:47:04","date_gmt":"2019-01-23T14:47:04","guid":{"rendered":"http:\/\/haus-maerchenkoenig.de\/?page_id=19"},"modified":"2019-01-23T14:47:04","modified_gmt":"2019-01-23T14:47:04","slug":"impressum","status":"publish","type":"page","link":"https:\/\/haus-maerchenkoenig.de\/?page_id=19","title":{"rendered":"Impressum"},"content":{"rendered":"<p style=\"text-align: justify;\"><strong>Allgemeine Informationen:<\/strong><br \/>\nAngaben gem\u00e4\u00df \u00a7 6 TDG (Teledienstgesetz): Anbieter und Verantwortlicher f\u00fcr die Inhalte und Gestaltung der Seiten sowie Inhaber der Domain ist Carsten W. R\u00fccker (Betreiber).<\/p>\n<p style=\"text-align: justify;\"><strong>Kontakt:<\/strong><br \/>\nCarsten W. R\u00fccker<br \/>\nBahnhofstrasse 18<br \/>\nD-86150 Augsburg<\/p>\n<p style=\"text-align: justify;\">T: 0821\/ 327 55 20<br \/>\nF: 0821\/ 327 55 15<\/p>\n<p style=\"text-align: justify;\"><strong>Streitbeilegung<\/strong><br \/>\nWir beteiligen uns nicht an Streitbeilegungsverfahren vor einer Verbraucherschlichtungsstelle und sind hierzu auch nicht verpflichtet.<br \/>\nOnline-Streitbeilegung gem\u00e4\u00df Art. 14 Abs. 1 der Verordnung \u00fcber die Online-Streitbeilegung in Verbraucherangelegenheiten (Verordnung (EU) Nr. 524\/2013: Die OS-Plattform der Europ\u00e4ischen Kommission finden Sie unter <a href=\"https:\/\/webgate.ec.europa.eu\/odr\/\" target=\"_blank\">https:\/\/webgate.ec.europa.eu\/odr\/<\/a>.<\/p>\n<p style=\"text-align: justify;\"><strong>Haftungsausschlu\u00df:<\/strong><br \/>\nDie auf diesen Web-Seiten abrufbaren Beitr\u00e4ge dienen ausschlie\u00dflich der generellen Information. Weder durch das Lesen noch durch den Download oder sonstige Nutzungsweisen von Informationen kommt ein Vertragsverh\u00e4ltnis zustande oder wird aus Rat oder Auskunft gehaftet.  Der Verantwortliche hat alle in seinem Bereich bereitgestellten Informationen nach bestem Wissen und Gewissen erarbeitet und gepr\u00fcft. Es wird jedoch keine Gew\u00e4hr f\u00fcr die Aktualit\u00e4t, Richtigkeit, Vollst\u00e4ndigkeit oder Qualit\u00e4t und jederzeitige Verf\u00fcgbarkeit der bereitgestellten Informationen \u00fcbernommen.<br \/>\nUnbeschadet der Regelungen des \u00a7 675 Absatz 2 BGB gilt f\u00fcr das bereitgestellte Informationsangebot folgende Haftungsbeschr\u00e4nkung:<\/p>\n<p>Der Betreiber der Webseite haftet nicht f\u00fcr Sch\u00e4den, die durch die Nutzung oder Nichtnutzung der in diesem Internetangebot angebotenen Informationen entstehen. Der Haftungsausschluss gilt nicht, soweit es sich um Sch\u00e4den im Zusammenhang mit der k\u00f6rperlichen Unversehrtheit handelt. Bei einem Abruf in anderen Staaten als Deutschland wird die Haftung vollumf\u00e4nglich ausgeschlossen. F\u00fcr etwaige Sch\u00e4den, die beim Aufrufen oder Herunterladen von Daten durch Computerviren oder der Installation oder Nutzung von Software verursacht werden, wird nicht gehaftet. Namentlich gekennzeichnete Internetseiten geben die Auffassungen und Erkenntnisse der abfassenden Personen wieder.<br \/>\nWir behalten uns ausdr\u00fccklich vor, einzelne Webseiten oder das gesamte Angebot ohne gesonderte Ank\u00fcndigung zu ver\u00e4ndern, zu erg\u00e4nzen, zu l\u00f6schen oder die Ver\u00f6ffentlichung zeitweise oder endg\u00fcltig einzustellen.<\/p>\n<p style=\"text-align: justify;\"><strong>Urheberrecht:<\/strong><br \/>\n\u00a9 Carsten W. R\u00fccker &#8211; alle Rechte vorbehalten<br \/>\nFalls nicht anders angegeben, unterliegen alle Seiten auf diesem Informationsserver dem Urheberrecht (Copyright). Dies gilt insbesondere f\u00fcr Texte, Bilder, Grafiken, Ton-, Video- oder Animationsdateien einschlie\u00dflich deren Anordnung auf den Web-Seiten.<\/p>\n<p style=\"text-align: justify;\">Alle innerhalb des Internetangebotes genannten und ggf. durch Dritte gesch\u00fctzten Marken- und Warenzeichen unterliegen uneingeschr\u00e4nkt den Bestimmungen des jeweils g\u00fcltigen Kennzeichenrechts und den Besitzrechten der jeweiligen eingetragenen Eigent\u00fcmer. Allein aufgrund der blo\u00dfen Nennung in unserem Internetangebot ist nicht der Schluss zu ziehen, dass Markenzeichen nicht durch Rechte Dritter gesch\u00fctzt sind. Eine Vervielf\u00e4ltigung oder Verwendung solcher Seiten (oder Teilen davon) in anderen elektronischen oder gedruckten Publikationen und deren Ver\u00f6ffentlichung (auch im Internet) ist nur nach vorheriger Genehmigung gestattet.<br \/>\nBilder, Grafiken, Text- oder sonstige Dateien k\u00f6nnen ganz oder teilweise dem Urheberrecht Dritter unterliegen.<br \/>\nAlle innerhalb des Internetangebotes genannten und ggf. durch Dritte gesch\u00fctzten Marken- und Warenzeichen unterliegen uneingeschr\u00e4nkt den Bestimmungen des jeweils g\u00fcltigen Kennzeichenrechts und den Besitzrechten der jeweiligen eingetragenen Eigent\u00fcmer. Allein aufgrund der blo\u00dfen Nennung in unserem Internetangebot ist nicht der Schluss zu ziehen, dass Markenzeichen nicht durch Rechte Dritter gesch\u00fctzt sind.<\/p>\n<p style=\"text-align: justify;\"><strong>Links und Verweise (Disclaimer):<\/strong><br \/>\nDer Betreiber ist nur f\u00fcr die &#8222;eigenen Inhalte&#8220;, die es zur Nutzung bereith\u00e4lt, nach den einschl\u00e4gigen Gesetzen verantwortlich.<br \/>\nVon diesen eigenen Inhalten sind Querverweise (&#8222;Links&#8220;) auf die Webseiten anderer Anbieter zu unterscheiden. Durch den als &#8222;Link&#8220; gekennzeichneten Querverweis erm\u00f6glicht der Betreiber den Zugang zu &#8222;fremden Inhalten&#8220;.<br \/>\nDurch den Querverweis vermittelt der Betreiber lediglich den Zugang zur Nutzung dieser Inhalte. F\u00fcr diese &#8222;fremden&#8220; Inhalte ist sie nicht verantwortlich, da es die \u00dcbermittlung der Information nicht veranlasst, den Adressaten der \u00fcbermittelten Informationen nicht ausw\u00e4hlt und die \u00fcbermittelten Informationen auch nicht ausgew\u00e4hlt oder ver\u00e4ndert hat. Auch eine automatische kurzzeitige Zwischenspeicherung dieser &#8222;fremden Informationen&#8220; erfolgt wegen der gew\u00e4hlten Aufruf- und Verlinkungsmethodik nicht, so dass sich auch dadurch keine Verantwortlichkeit des Betreibers f\u00fcr diese fremden Inhalte ergibt.<br \/>\nBei der erstmaligen Verkn\u00fcpfung mit diesen Internetangeboten hat dder Betreiber den fremden Inhalt jedoch daraufhin \u00fcberpr\u00fcft, ob durch ihn eine m\u00f6gliche zivilrechtliche oder strafrechtliche Verantwortlichkeit ausgel\u00f6st wird. Sobald der Betreiber jedoch feststellt oder von anderen darauf hingewiesen wird, dass ein konkretes Angebot, zu dem es einen Link bereitgestellt hat, eine zivil- oder strafrechtliche Verantwortlichkeit ausl\u00f6st, wird es den Verweis auf dieses Angebot unverz\u00fcglich aufheben, soweit es technisch m\u00f6glich und zumutbar ist. F\u00fcr illegale, fehlerhafte oder unvollst\u00e4ndige Inhalte und insbesondere f\u00fcr Sch\u00e4den, die aus der Nutzung oder Nichtnutzung von Informationen Dritter entstehen, haftet allein der jeweilige Anbieter der Seite, auf welche verwiesen wurde.<\/p>\n","protected":false},"excerpt":{"rendered":"<p>Allgemeine Informationen: Angaben gem\u00e4\u00df \u00a7 6 TDG (Teledienstgesetz): Anbieter und Verantwortlicher f\u00fcr die Inhalte und Gestaltung der Seiten sowie Inhaber der Domain ist Carsten W. R\u00fccker (Betreiber). Kontakt: Carsten W. R\u00fccker Bahnhofstrasse 18 D-86150 Augsburg T: 0821\/ 327 55 20 F: 0821\/ 327 55 15 Streitbeilegung Wir beteiligen uns nicht an Streitbeilegungsverfahren vor einer Verbraucherschlichtungsstelle &hellip; <\/p>\n<p class=\"link-more\"><a href=\"https:\/\/haus-maerchenkoenig.de\/?page_id=19\" class=\"more-link\"><span class=\"screen-reader-text\">\u201eImpressum\u201c <\/span>weiterlesen<\/a><\/p>\n","protected":false},"author":1,"featured_media":0,"parent":0,"menu_order":0,"comment_status":"closed","ping_status":"closed","template":"","meta":{"ngg_post_thumbnail":0,"footnotes":""},"class_list":["post-19","page","type-page","status-publish","hentry"],"_links":{"self":[{"href":"https:\/\/haus-maerchenkoenig.de\/index.php?rest_route=\/wp\/v2\/pages\/19"}],"collection":[{"href":"https:\/\/haus-maerchenkoenig.de\/index.php?rest_route=\/wp\/v2\/pages"}],"about":[{"href":"https:\/\/haus-maerchenkoenig.de\/index.php?rest_route=\/wp\/v2\/types\/page"}],"author":[{"embeddable":true,"href":"https:\/\/haus-maerchenkoenig.de\/index.php?rest_route=\/wp\/v2\/users\/1"}],"replies":[{"embeddable":true,"href":"https:\/\/haus-maerchenkoenig.de\/index.php?rest_route=%2Fwp%2Fv2%2Fcomments&post=19"}],"version-history":[{"count":1,"href":"https:\/\/haus-maerchenkoenig.de\/index.php?rest_route=\/wp\/v2\/pages\/19\/revisions"}],"predecessor-version":[{"id":20,"href":"https:\/\/haus-maerchenkoenig.de\/index.php?rest_route=\/wp\/v2\/pages\/19\/revisions\/20"}],"wp:attachment":[{"href":"https:\/\/haus-maerchenkoenig.de\/index.php?rest_route=%2Fwp%2Fv2%2Fmedia&parent=19"}],"curies":[{"name":"wp","href":"https:\/\/api.w.org\/{rel}","templated":true}]}}