{"id":17,"date":"2019-01-23T14:46:30","date_gmt":"2019-01-23T14:46:30","guid":{"rendered":"http:\/\/haus-maerchenkoenig.de\/?page_id=17"},"modified":"2019-01-23T14:46:30","modified_gmt":"2019-01-23T14:46:30","slug":"datenschutz","status":"publish","type":"page","link":"https:\/\/haus-maerchenkoenig.de\/?page_id=17","title":{"rendered":"Datenschutz"},"content":{"rendered":"<p style=\"text-align: justify;\">Vielen Dank f\u00fcr Ihr Interesse an unserem Onlineauftritt. Der Schutz Ihrer pers\u00f6nlichen Daten liegt uns sehr am Herzen. An dieser Stelle m\u00f6chten wir Sie daher \u00fcber den Datenschutz in unserem Unternehmen informieren. Selbstverst\u00e4ndlich beachten wir die gesetzlichen Bestimmungen des Datenschutzgesetzes (BDSG), des Telemediengesetzes (TMG), der europ\u00e4ischen Datenschutzgrundverordnung (DSGVO) und anderer datenschutzrechtlicher Bestimmungen.<\/p>\n<p style=\"text-align: justify;\">\nBei Ihren pers\u00f6nlichen Daten k\u00f6nnen Sie uns vertrauen! Sie werden durch digitale Sicherheitssysteme verschl\u00fcsselt und an uns \u00fcbertragen. Wir verwenden innerhalb des Website-Besuchs das verbreitete SSL-Verfahren (Secure Socket Layer) in Verbindung mit der jeweils h\u00f6chsten Verschl\u00fcsselungsstufe, die von Ihrem Browser unterst\u00fctzt wird.<\/p>\n<p style=\"text-align: justify;\">\nWir bedienen uns im \u00dcbrigen geeigneter technischer und organisatorischer Sicherheitsma\u00dfnahmen, um Ihre Daten gegen zuf\u00e4llige oder vors\u00e4tzliche Manipulationen, teilweisen oder vollst\u00e4ndigen Verlust, Zerst\u00f6rung oder gegen den unbefugten Zugriff Dritter zu sch\u00fctzen. Unsere Sicherheitsma\u00dfnahmen werden entsprechend der technologischen Entwicklung fortlaufend verbessert.<\/p>\n<h2 style=\"margin-top:3.5em\">1. Name und Kontaktdaten des f\u00fcr die Verarbeitung Verantwortlichen<\/h2>\n<p style=\"text-align: justify;\">Verantwortlicher f\u00fcr die Datenverarbeitung ist Carsten W. R\u00fccker, Bahnhofstrasse 18, D-86150 Augsburg, Email: <a href=\"mailto:anfrage@haus-maerchenkoenig.de\">anfrage@haus-maerchenkoenig.de<\/a>, Telefon: +49 (0)821\/ 327 55 20, Fax: +49 (0) 821\/ 327 55 15<\/p>\n<h2 style=\"margin-top:3.5em\">2. Erhebung und Speicherung personenbezogener Daten sowie Art und Zweck von deren Verwendung<\/h2>\n<p style=\"text-align: justify;\">\nWenn Sie unseren Internetauftritt aufrufen oder Daten von diesen Seiten herunterladen, werden durch den auf Ihrem Endger\u00e4t zum Einsatz kommenden Browser automatisch Informationen an den Server unserer Website gesendet. Diese Informationen werden tempor\u00e4r in einem sog. Logfile gespeichert. Folgende Informationen werden dabei ohne Ihr Zutun erfasst und bis zur automatisierten L\u00f6schung gespeichert:<\/p>\n<p style=\"text-align: justify;\">\n<ul>\n<li>IP-Adresse des anfragenden Rechners,<\/li>\n<li>Datum und Uhrzeit des Zugriffs,<\/li>\n<li>Name und URL der abgerufenen Datei,<\/li>\n<li>Website, von der aus der Zugriff erfolgt (Referrer-URL),<\/li>\n<li>verwendeter Browser und ggf. das Betriebssystem Ihres Rechners sowie der Name Ihres Access-Providers.<\/li>\n<\/ul>\n<p>Dieser Vorgang erfolgt anonymisiert. R\u00fcckschl\u00fcsse auf Ihre Person sind nicht m\u00f6glich.<\/p>\n<h2 style=\"margin-top:1.5em\">2.1 Zweck der Datenverarbeitung<\/h2>\n<p style=\"text-align: justify;\">\nDiese Daten werden nicht zu kommerziellen Zwecken genutzt. Die genannten Daten werden durch uns zu folgenden Zwecken verarbeitet:<\/p>\n<ul>\n<li>Gew\u00e4hrleistung eines reibungslosen Verbindungsaufbaus der Website,<\/li>\n<li>Gew\u00e4hrleistung einer komfortablen Nutzung unserer Website,<\/li>\n<li>Auswertung der Systemsicherheit und -stabilit\u00e4t sowie<\/li>\n<li>zu weiteren administrativen Zwecken.<\/li>\n<\/ul>\n<p>Die Rechtsgrundlage f\u00fcr die Datenverarbeitung ist Art. 6 Abs. 1 S. 1 lit. f DSGVO. Unser berechtigtes Interesse folgt aus oben aufgelisteten Zwecken zur Datenerhebung. In keinem Fall verwenden wir die erhobenen Daten zu dem Zweck, R\u00fcckschl\u00fcsse auf Ihre Person zu ziehen.<\/p>\n<p style=\"text-align: justify;\">Dar\u00fcber hinaus setzen wir beim Besuch unserer Website Cookies sowie Analysedienste ein. N\u00e4here Erl\u00e4uterungen dazu erhalten Sie unter den Ziff. 2.5 und 3 dieser Datenschutzerkl\u00e4rung.<\/p>\n<h2 style=\"margin-top:1.5em\">2.2 L\u00f6schung und Widerspruch<\/h2>\n<p style=\"text-align: justify;\">Nach dieser Verwendung erfolgt die L\u00f6schung Ihrer Daten. Eine dauerhafte Speicherung ist ausgeschlossen. Sie k\u00f6nnen dieser Datenerhebung, -speicherung und -verarbeitung jederzeit widersprechen (siehe hierzu Ziff. 7).<\/p>\n<h2 style=\"margin-top:1.5em\">2.3 Nutzung unseres Kontaktformulars<\/h2>\n<p style=\"text-align: justify;\">Bei Fragen jeglicher Art bieten wir Ihnen die M\u00f6glichkeit, mit uns \u00fcber ein auf der Website bereitgestelltes Formular Kontakt aufzunehmen. Dabei ist die Angabe Ihres Namens sowie einer g\u00fcltigen E-Mail-Adresse erforderlich, damit wir wissen, von wem die Anfrage stammt und um diese beantworten zu k\u00f6nnen.<\/p>\n<p style=\"text-align: justify;\">Die Datenverarbeitung zum Zwecke der Kontaktaufnahme mit uns erfolgt nach  Art. 6 Abs. 1 S. 1 lit. b DSGVO. Die f\u00fcr die Benutzung des Kontaktformulars von uns erhobenen personenbezogenen Daten werden nach Erledigung der von Ihnen gestellten Anfrage automatisch gel\u00f6scht.<\/p>\n<h2 style=\"margin-top:1.5em\">2.4 Daten\u00fcbermittlung an Dritte<\/h2>\n<p style=\"text-align: justify;\">Eine Weitergabe oder \u00dcbermittlung Ihrer pers\u00f6nlichen Daten an Dritte zu anderen als den im Folgenden aufgef\u00fchrten Zwecken findet nicht statt.<\/p>\n<p style=\"text-align: justify;\">\nWir geben Ihre pers\u00f6nlichen Daten nur an Dritte weiter, wenn:<\/p>\n<ul>\n<li> Sie Ihre nach Art. 6 Abs. 1 S. 1 lit. a DSGVO ausdr\u00fcckliche Einwilligung dazu erteilt haben,<\/li>\n<li> die Weitergabe nach Art. 6 Abs. 1 S. 1 lit. f DSGVO zur Geltendmachung, Aus\u00fcbung oder Verteidigung von Rechtsanspr\u00fcchen erforderlich ist und kein Grund zur Annahme besteht, dass Sie ein \u00fcberwiegendes schutzw\u00fcrdiges Interesse an der Nichtweitergabe Ihrer Daten haben,<\/li>\n<li>f\u00fcr den Fall, dass f\u00fcr die Weitergabe nach Art. 6 Abs. 1 S. 1 lit. c DSGVO eine gesetzliche Verpflichtung besteht, sowie<\/li>\n<li> dies gesetzlich zul\u00e4ssig und nach Art. 6 Abs. 1 S. 1 lit. b DSGVO f\u00fcr die Abwicklung von Vertragsverh\u00e4ltnissen mit Ihnen erforderlich ist.<\/li>\n<\/ul>\n<p style=\"text-align: justify;\">\nUnsere Mitarbeiter und die von uns beauftragten Dienstleistungsunternehmen sind von uns zur Verschwiegenheit und zur Einhaltung der datenschutzrechtlichen Bestimmungen verpflichtet worden. F\u00fcr den Fall, dass wir mit bestimmten Teilen der Datenverarbeitung andere beauftragen (\u201eAuftragsverarbeitung\u201c), verpflichten wir diese Auftragsverarbeiter vertraglich dazu, personenbezogene Daten nur im Einklang mit den Anforderungen der Datenschutzgesetze zu verwenden und den Schutz der Rechte der betroffenen Person zu gew\u00e4hrleisten.<\/p>\n<h2 style=\"margin-top:1.5em\">2.5 \u201eCookies\u201c<\/h2>\n<p style=\"text-align: justify;\">Zur Datenerhebung und Speicherung setzen wir auch sogenannte Cookies ein. Cookies sind kleine Datenpakete, die Ihr Browser auf unsere Veranlassung in Ihrem Endger\u00e4t speichert. Dort richten sie keinen Schaden an. Sie enthalten keine Viren und erlauben uns nicht, Sie auszusp\u00e4hen. Verwendung finden dabei zwei Arten von Cookies. Tempor\u00e4re Cookies werden mit dem Schlie\u00dfen Ihres Browsers automatisch gel\u00f6scht (Session-Cookies). Dauerhafte Cookies haben demgegen\u00fcber eine maximale Lebensdauer von bis zu 1 Jahr. Diese Art von Cookies erm\u00f6glicht es, dass sie beim Wiederaufruf nach Verlassen der Website wiedererkannt werden. Mithilfe der Cookies ist es uns m\u00f6glich, Ihr Nutzungsverhalten zu oben genannten Zwecken und in entsprechendem Umfang nachzuvollziehen. Sie sollen Ihnen au\u00dferdem ein optimiertes Surfen auf unserer Website erm\u00f6glichen. Auch diese Daten erheben wir nur in anonymisierte bzw. pseudonymisierter Form. Die durch Cookies verarbeiteten Daten sind f\u00fcr die genannten Zwecke zur Wahrung unserer berechtigten Interessen sowie der Dritter nach Art. 6 Abs. 1 S. 1 lit. f DSGVO erforderlich. Sie k\u00f6nnen Ihren Internetbrowser so einstellen, dass unsere Cookies nicht auf Ihrem Endger\u00e4t ablegt werden k\u00f6nnen oder bereits abgelegte Cookies gel\u00f6scht werden. Wir weisen aber darauf hin, dass es sein kann, dass es dann zu Einschr\u00e4nkungen in der Benutzbarkeit unseres Angebotes kommt.<\/p>\n<h4 style=\"margin-top:3.5em\">3. Google ReCaptcha<\/h4>\n<p style=\"text-align: justify;\">Wir nutzen zur Erkennung von Bots und Spam-Vermeidung bei Eingaben in unser Kontaktformular die reCaptcha-Funktion (&#8222;ReCaptcha&#8220;) von Google, betrieben durch die Google LLC, 1600 Amphitheatre Parkway, Mountain View, CA 94043, USA, ein. N\u00e4here Informationen finden Sie in den Datenschutzhinweisen von Google, die Sie hier abrufen k\u00f6nnen: <a href=\"www.google.com\/policies\/privacy\/\" target=\"_blank\">www.google.com\/policies\/privacy\/<\/a>. Zum Opt-Out finden Sie hier n\u00e4here Informationen: <a href=\"https:\/\/adssettings.google.com\/authenticated\" target=\"_blank\">https:\/\/adssettings.google.com\/authenticated<\/a>. Die Nutzung von Google ReCaptcha erfolgt, um Spam zu vermeiden und ein reibungsloses Funktionieren unserer Seite zu gew\u00e4hrleisten. Dies stellt ein berechtigtes Interesse im Sinne von Art.6 Abs. 1 lit. f DSGVO dar.<\/p>\n<h4 style=\"margin-top:3.5em\">4. Verwendung von Google Webfonts<\/h4>\n<p style=\"text-align: justify;\">\nWir verwenden externe Schriften, sog. Google Fonts. Google Fonts ist ein Dienst der Google Inc., 1600 Amphitheatre Parkway, Mountain View, CA 94043, USA. Die Einbindung dieser erfolgt durch einen Serveraufruf, in der Regel ein Server von Google in den USA. Hierdurch findet eine \u00dcbermittlung an den Server statt, welche unserer Seiten Sie besucht haben. Ebenso wird die IP-Adresse des Browsers Ihres Endger\u00e4tes \u00fcbermittelt. N\u00e4here Informationen finden Sie in den Datenschutzhinweisen von Google, die Sie hier abrufen k\u00f6nnen: <a href=\"www.google.com\/policies\/privacy\/\" target=\"_blank\">www.google.com\/policies\/privacy\/<\/a>.<br \/>\nDie Nutzung von Google Web Fonts erfolgt, damit wir Ihnen eine einheitliche und ansprechende Darstellung unserer Website bieten k\u00f6nnen. Dies stellt ein berechtigtes Interesse im Sinne von Art. 6 Abs. 1 lit. f DSGVO dar.<\/p>\n<h2 style=\"margin-top:3.5em\">5. Verwendung von OpenStreetMap (OSM)<\/h2>\n<p style=\"text-align: justify;\">\nWir verwenden Landkarten des Dienstes \u201eOpenStreetMap\u201c (OSM, https:\/\/www.openstreetmap.org). Damit eine Anzeige der Karte m\u00f6glich ist, wird Ihre IP-Adresse an OSM weitergeleitet. Der Server von OSM steht in Deutschland. Dar\u00fcber hinaus wird ein Session-Cookie gespeichert. Dies geschieht auschlie\u00dflich zum Anzeigen der Karten und die Zwischenspeicherung der gew\u00e4hlten Karteneinstellungen. N\u00e4here Informationen finden Sie in den Datenschutzhinweisen von OSM, die Sie hier abrufen k\u00f6nnen: <a href=\"whttps:\/\/wiki.openstreetmap.org\/wiki\/Privacy_Policy\" target=\"_blank\">https:\/\/wiki.openstreetmap.org\/wiki\/Privacy_Policy<\/a>.<br \/>\nDie Nutzung von OSM erfolgt, damit wir Ihnen die gr\u00f6\u00dftm\u00f6gliche Auffindbarkeit unserer Angebote und eine Orientierungshilfe bieten k\u00f6nnen. Dies stellt ein berechtigtes Interesse im Sinne von Art. 6 Abs. 1 lit. f DSGVO dar.<\/p>\n<h2 style=\"margin-top:3.5em\">6. Betroffenenrechte<\/h2>\n<p style=\"text-align: justify;\">Sie haben das Recht:<\/p>\n<ul>\n<li>gem\u00e4\u00df Art. 15 DSGVO Auskunft \u00fcber Ihre von uns verarbeiteten personenbezogenen Daten zu verlangen. Insbesondere k\u00f6nnen Sie Auskunft \u00fcber die Verarbeitungszwecke, die Kategorie der personenbezogenen Daten, die Kategorien von Empf\u00e4ngern, gegen\u00fcber denen Ihre Daten offengelegt wurden oder werden, die geplante Speicherdauer, das Bestehen eines Rechts auf Berichtigung, L\u00f6schung, Einschr\u00e4nkung der Verarbeitung oder Widerspruch, das Bestehen eines Beschwerderechts, die Herkunft ihrer Daten, sofern diese nicht bei uns erhoben wurden, sowie \u00fcber das Bestehen einer automatisierten Entscheidungsfindung einschlie\u00dflich Profiling und ggf. aussagekr\u00e4ftigen Informationen zu deren Einzelheiten verlangen;<\/li>\n<li>gem\u00e4\u00df Art. 16 DSGVO unverz\u00fcglich die Berichtigung unrichtiger oder Vervollst\u00e4ndigung Ihrer bei uns gespeicherten personenbezogenen Daten zu verlangen;<\/li>\n<li>gem\u00e4\u00df Art. 17 DSGVO die L\u00f6schung Ihrer bei uns gespeicherten personenbezogenen Daten zu verlangen, soweit nicht die Verarbeitung zur Aus\u00fcbung des Rechts auf freie Meinungs\u00e4u\u00dferung und Information, zur Erf\u00fcllung einer rechtlichen Verpflichtung, aus Gr\u00fcnden des \u00f6ffentlichen Interesses oder zur Geltendmachung, Aus\u00fcbung oder Verteidigung von Rechtsanspr\u00fcchen erforderlich ist;<\/li>\n<li>gem\u00e4\u00df Art. 18 DSGVO die Einschr\u00e4nkung der Verarbeitung Ihrer personenbezogenen Daten zu verlangen, soweit die Richtigkeit der Daten von Ihnen bestritten wird, die Verarbeitung unrechtm\u00e4\u00dfig ist, Sie aber deren L\u00f6schung ablehnen und wir die Daten nicht mehr ben\u00f6tigen, Sie jedoch diese zur Geltendmachung, Aus\u00fcbung oder Verteidigung von Rechtsanspr\u00fcchen ben\u00f6tigen oder Sie gem\u00e4\u00df Art. 21 DSGVO Widerspruch gegen die Verarbeitung eingelegt haben;<\/li>\n<li>gem\u00e4\u00df Art. 20 DSGVO Ihre personenbezogenen Daten, die Sie uns bereitgestellt haben, in einem strukturierten, g\u00e4ngigen und maschinenlesebaren Format zu erhalten oder die \u00dcbermittlung an einen anderen Verantwortlichen zu verlangen, sofern die Voraussetzungen des Art. 20 Abs. 1 lit. a und lit. b DSGVO vorliegen<\/li>\n<li>gem\u00e4\u00df Art. 7 Abs. 3 DSGVO Ihre einmal erteilte Einwilligung jederzeit gegen\u00fcber uns zu widerrufen. Dies hat zur Folge, dass wir die Datenverarbeitung, die auf dieser Einwilligung beruhte, f\u00fcr die Zukunft nicht mehr fortf\u00fchren d\u00fcrfen und<\/li>\n<li>gem\u00e4\u00df Art. 77 DSGVO sich bei einer Aufsichtsbeh\u00f6rde zu beschweren. In der Regel k\u00f6nnen Sie sich hierf\u00fcr an die Aufsichtsbeh\u00f6rde Ihres \u00fcblichen Aufenthaltsortes oder Arbeitsplatzes oder des Orts des mutma\u00dflichen Versto\u00dfes wenden.<\/li>\n<\/ul>\n<h2 style=\"margin-top:3.5em\">7. Widerspruchsrecht<\/h2>\n<p style=\"text-align: justify;\">\nSofern Ihre personenbezogenen Daten auf Grundlage von berechtigten Interessen gem\u00e4\u00df Art. 6 Abs. 1 S. 1 lit. f DSGVO verarbeitet werden, haben Sie das Recht, gem\u00e4\u00df Art. 21 DSGVO Widerspruch gegen die Verarbeitung Ihrer personenbezogenen Daten einzulegen, soweit daf\u00fcr Gr\u00fcnde vorliegen, die sich aus Ihrer besonderen Situation ergeben oder sich der Widerspruch gegen Direktwerbung richtet. Im letzteren Fall haben Sie ein generelles Widerspruchsrecht, das ohne Angabe einer besonderen Situation von uns umgesetzt wird. M\u00f6chten Sie von Ihrem Widerrufs- oder Widerspruchsrecht Gebrauch machen, gen\u00fcgt eine E-Mail an <a href=\"mailto:anfrage@haus-maerchenkoenig.de\">anfrage@haus-maerchenkoenig.de<\/a>.<\/p>\n<h2 style=\"margin-top:3.5em\">8. Information gem. Art. 13 Abs. 2 lit. e) DSGVO<\/h2>\n<p style=\"text-align: justify;\">Die  Bereitstellung der genannten personenbezogenen Daten ist in der Regel weder gesetzlich noch vertraglich vorgeschrieben noch sind die Daten in der Regel zum Vertragsabschluss erforderlich. Sie sind zur Bereitstellung in der Regel auch nicht verpflichtet. Wir weisen jedoch darauf hin, dass bei einer Nichtbereitstellung es bei Teilen unserer Angebote auf dieser Website zu Einschr\u00e4nkungen oder Nichtnutzbarkeit kommen kann.<\/p>\n<h2 style=\"margin-top:3.5em\">9. Aktualit\u00e4t und \u00c4nderung dieser Datenschutzerkl\u00e4rung<\/h2>\n<p style=\"text-align: justify;\">\nDiese Datenschutzerkl\u00e4rung ist aktuell g\u00fcltig und hat den Stand November 2018. Durch die Weiterentwicklung unserer Website und Angebote dar\u00fcber oder aufgrund ge\u00e4nderter gesetzlicher beziehungsweise beh\u00f6rdlicher Vorgaben kann es notwendig werden, diese Datenschutzerkl\u00e4rung zu \u00e4ndern. Die jeweils aktuelle Datenschutzerkl\u00e4rung kann jederzeit auf der Website unter <a href=\"LINK EINF\u00dcGEN\" target=\"_blank\">LINK EINF\u00dcGEN<\/a> von Ihnen abgerufen und ausgedruckt werden.<\/p>\n","protected":false},"excerpt":{"rendered":"<p>Vielen Dank f\u00fcr Ihr Interesse an unserem Onlineauftritt. Der Schutz Ihrer pers\u00f6nlichen Daten liegt uns sehr am Herzen. An dieser Stelle m\u00f6chten wir Sie daher \u00fcber den Datenschutz in unserem Unternehmen informieren. Selbstverst\u00e4ndlich beachten wir die gesetzlichen Bestimmungen des Datenschutzgesetzes (BDSG), des Telemediengesetzes (TMG), der europ\u00e4ischen Datenschutzgrundverordnung (DSGVO) und anderer datenschutzrechtlicher Bestimmungen. Bei Ihren pers\u00f6nlichen &hellip; <\/p>\n<p class=\"link-more\"><a href=\"https:\/\/haus-maerchenkoenig.de\/?page_id=17\" class=\"more-link\"><span class=\"screen-reader-text\">\u201eDatenschutz\u201c <\/span>weiterlesen<\/a><\/p>\n","protected":false},"author":1,"featured_media":0,"parent":0,"menu_order":0,"comment_status":"closed","ping_status":"closed","template":"","meta":{"ngg_post_thumbnail":0,"footnotes":""},"class_list":["post-17","page","type-page","status-publish","hentry"],"_links":{"self":[{"href":"https:\/\/haus-maerchenkoenig.de\/index.php?rest_route=\/wp\/v2\/pages\/17"}],"collection":[{"href":"https:\/\/haus-maerchenkoenig.de\/index.php?rest_route=\/wp\/v2\/pages"}],"about":[{"href":"https:\/\/haus-maerchenkoenig.de\/index.php?rest_route=\/wp\/v2\/types\/page"}],"author":[{"embeddable":true,"href":"https:\/\/haus-maerchenkoenig.de\/index.php?rest_route=\/wp\/v2\/users\/1"}],"replies":[{"embeddable":true,"href":"https:\/\/haus-maerchenkoenig.de\/index.php?rest_route=%2Fwp%2Fv2%2Fcomments&post=17"}],"version-history":[{"count":1,"href":"https:\/\/haus-maerchenkoenig.de\/index.php?rest_route=\/wp\/v2\/pages\/17\/revisions"}],"predecessor-version":[{"id":18,"href":"https:\/\/haus-maerchenkoenig.de\/index.php?rest_route=\/wp\/v2\/pages\/17\/revisions\/18"}],"wp:attachment":[{"href":"https:\/\/haus-maerchenkoenig.de\/index.php?rest_route=%2Fwp%2Fv2%2Fmedia&parent=17"}],"curies":[{"name":"wp","href":"https:\/\/api.w.org\/{rel}","templated":true}]}}